{"id":2,"date":"2023-09-24T19:19:46","date_gmt":"2023-09-24T19:19:46","guid":{"rendered":"https:\/\/curlingbahn-mieten.de\/?page_id=2"},"modified":"2024-03-23T19:20:45","modified_gmt":"2024-03-23T19:20:45","slug":"impressum","status":"publish","type":"page","link":"https:\/\/curlingbahn-mieten.de\/?page_id=2","title":{"rendered":"Impressum"},"content":{"rendered":"\n<h3 class=\"wp-block-heading\">Curlingbahnen-Mieten &#8230; powered by Eventservice MSE-Connection<\/h3>\n\n\n\n<h2 class=\"wp-block-heading\">Angaben gem\u00e4\u00df \u00a7 5 TMG<\/h2>\n\n\n\n<p>Mario Rickers<br>MSE-Connection Veranstaltungsagentur<br>R\u00f6sberger Stra\u00dfe 59b<br>53332 Bornheim<\/p>\n\n\n\n<h2 class=\"wp-block-heading\">Kontakt<\/h2>\n\n\n\n<p>Telefon:&nbsp;<a href=\"tel:+49 (0) 2227-932528\">+49 (0) 2227-932528<\/a><br>Telefax:&nbsp;<a href=\"tel:+49 (0) 2227 - 932527\">+49 (0) 2227 &#8211; 932527<\/a><br>E-Mail: info@mse-connection.de<\/p>\n\n\n\n<h2 class=\"wp-block-heading\">Umsatzsteuer-ID<\/h2>\n\n\n\n<p>Umsatzsteuer-Identifikationsnummer gem\u00e4\u00df \u00a7 27 a Umsatzsteuergesetz:<br>DE&nbsp;<a href=\"tel:240 647 489\">240 647 489<\/a><\/p>\n\n\n\n<h2 class=\"wp-block-heading\">Redaktionell verantwortlich<\/h2>\n\n\n\n<p>MSE-Connection Veranstaltungsagentur<br>Inhaber: Mario Rickers<br>R\u00f6sberger Stra\u00dfe 59b<br>53332 Bornheim (Hemmerich)<br>Telefon:&nbsp;<a href=\"tel:+49 (0) 2227-932528\">+49 (0) 2227-932528<\/a><\/p>\n\n\n\n<h2 class=\"wp-block-heading\">EU-Streitschlichtung<\/h2>\n\n\n\n<p>Die Europ\u00e4ische Kommission stellt eine Plattform zur Online-Streitbeilegung (OS) bereit:&nbsp;<a href=\"https:\/\/ec.europa.eu\/consumers\/odr\/\" target=\"_blank\" rel=\"noreferrer noopener\">https:\/\/ec.europa.eu\/consumers\/odr\/<\/a>.<br>Unsere E-Mail-Adresse finden Sie oben im Impressum.<\/p>\n\n\n\n<h2 class=\"wp-block-heading\">Verbraucher\u00adstreit\u00adbeilegung\/Universal\u00adschlichtungs\u00adstelle<\/h2>\n\n\n\n<p>Wir sind nicht bereit oder verpflichtet, an Streitbeilegungsverfahren vor einer Verbraucherschlichtungsstelle teilzunehmen.<\/p>\n\n\n\n<h2 class=\"wp-block-heading\">Datenschutzerkl\u00e4rung<\/h2>\n\n\n\n<p>Hier finden Sie unsere<strong><a href=\"https:\/\/curlingbahn-mieten.de\/?page_id=100\" title=\"Datenschutzerkl\u00e4rung\"> Datenschutzerkl\u00e4rung<\/a><\/strong><\/p>\n\n\n\n<hr class=\"wp-block-separator has-text-color has-vivid-cyan-blue-color has-alpha-channel-opacity has-vivid-cyan-blue-background-color has-background is-style-wide\"\/>\n\n\n\n<p class=\"has-text-align-center\"><img decoding=\"async\" loading=\"lazy\" width=\"1819\" height=\"1311\" class=\"wp-image-18\" style=\"width: 350px;\" src=\"https:\/\/curlingbahn-mieten.de\/wp-content\/uploads\/2023\/09\/IMG_0172.png\" alt=\"\" srcset=\"https:\/\/curlingbahn-mieten.de\/wp-content\/uploads\/2023\/09\/IMG_0172.png 1819w, https:\/\/curlingbahn-mieten.de\/wp-content\/uploads\/2023\/09\/IMG_0172-300x216.png 300w, https:\/\/curlingbahn-mieten.de\/wp-content\/uploads\/2023\/09\/IMG_0172-1024x738.png 1024w, https:\/\/curlingbahn-mieten.de\/wp-content\/uploads\/2023\/09\/IMG_0172-768x554.png 768w, https:\/\/curlingbahn-mieten.de\/wp-content\/uploads\/2023\/09\/IMG_0172-1536x1107.png 1536w\" sizes=\"(max-width: 1819px) 100vw, 1819px\" \/><\/p>\n","protected":false},"excerpt":{"rendered":"<p>Curlingbahnen-Mieten &#8230; powered by Eventservice MSE-Connection Angaben gem\u00e4\u00df \u00a7 5 TMG Mario RickersMSE-Connection VeranstaltungsagenturR\u00f6sberger Stra\u00dfe 59b53332 Bornheim Kontakt Telefon:&nbsp;+49 (0) 2227-932528Telefax:&nbsp;+49 (0) 2227 &#8211; 932527E-Mail: info@mse-connection.de Umsatzsteuer-ID Umsatzsteuer-Identifikationsnummer gem\u00e4\u00df \u00a7 27 a Umsatzsteuergesetz:DE&nbsp;240 647 489 Redaktionell verantwortlich MSE-Connection VeranstaltungsagenturInhaber: Mario RickersR\u00f6sberger Stra\u00dfe 59b53332 Bornheim (Hemmerich)Telefon:&nbsp;+49 (0) 2227-932528 EU-Streitschlichtung Die Europ\u00e4ische Kommission stellt eine Plattform zur [&hellip;]<\/p>\n","protected":false},"author":1,"featured_media":0,"parent":0,"menu_order":0,"comment_status":"closed","ping_status":"closed","template":"","meta":{"_monsterinsights_skip_tracking":false,"_monsterinsights_sitenote_active":false,"_monsterinsights_sitenote_note":"","_monsterinsights_sitenote_category":0,"footnotes":""},"aioseo_notices":[],"_links":{"self":[{"href":"https:\/\/curlingbahn-mieten.de\/index.php?rest_route=\/wp\/v2\/pages\/2"}],"collection":[{"href":"https:\/\/curlingbahn-mieten.de\/index.php?rest_route=\/wp\/v2\/pages"}],"about":[{"href":"https:\/\/curlingbahn-mieten.de\/index.php?rest_route=\/wp\/v2\/types\/page"}],"author":[{"embeddable":true,"href":"https:\/\/curlingbahn-mieten.de\/index.php?rest_route=\/wp\/v2\/users\/1"}],"replies":[{"embeddable":true,"href":"https:\/\/curlingbahn-mieten.de\/index.php?rest_route=%2Fwp%2Fv2%2Fcomments&post=2"}],"version-history":[{"count":5,"href":"https:\/\/curlingbahn-mieten.de\/index.php?rest_route=\/wp\/v2\/pages\/2\/revisions"}],"predecessor-version":[{"id":103,"href":"https:\/\/curlingbahn-mieten.de\/index.php?rest_route=\/wp\/v2\/pages\/2\/revisions\/103"}],"wp:attachment":[{"href":"https:\/\/curlingbahn-mieten.de\/index.php?rest_route=%2Fwp%2Fv2%2Fmedia&parent=2"}],"curies":[{"name":"wp","href":"https:\/\/api.w.org\/{rel}","templated":true}]}}