{"id":5,"date":"2023-09-24T17:21:28","date_gmt":"2023-09-24T17:21:28","guid":{"rendered":"https:\/\/curlingbahn-mieten.de\/?page_id=5"},"modified":"2024-08-17T13:18:15","modified_gmt":"2024-08-17T13:18:15","slug":"eisstockbahn-verleih-bornheim-mobile-curlingbahn-mieten","status":"publish","type":"page","link":"https:\/\/curlingbahn-mieten.de\/","title":{"rendered":"Eisstockbahn-Verleih Bornheim | mobile Curlingbahn mieten"},"content":{"rendered":"\n<h2 class=\"wp-block-heading\"><a href=\"https:\/\/www.mse-connection.de\/produkt\/eisstockbahn\/\" title=\"\">Curlingbahn mieten aus K\u00f6ln, Bonn im Rheinland<\/a><\/h2>\n\n\n\n<p><a href=\"https:\/\/www.mse-connection.de\/produkt\/eisstockbahn\/\">Mobile Eisstockbahn mieten<\/a>&nbsp;&#8211; 15&#215;2 Meter &#8211; F\u00fcr Sommer- und Winterevents. Eisstockschie\u00dfen auf unserer mobilen Curlingbahn ist ein gro\u00dfer Spa\u00df f\u00fcr jung und alt. Auf unserer mobilen Kunsteisbahn k\u00f6nnen Sie zu jeder Jahreszeit bei jeder Temperatur, egal ob drau\u00dfen oder drinnen, Fun Curling mit Ihrem Team als Eis Gaudi genie\u00dfen.<\/p>\n\n\n\n<h2 class=\"wp-block-heading\"><a href=\"https:\/\/www.mse-connection.de\/produkt\/eisstockbahn\/\" title=\"\">Eisstockbahn mieten in 15&#215;2 Meter<\/a><\/h2>\n\n\n\n<p class=\"has-black-color has-text-color\">Ob Sommerfest oder Weihnachtsfeier&#8230;unsere <a href=\"https:\/\/www.mse-connection.de\/produkt\/eisstockbahn\/\">mobile Eisstockbahn im Verleih<\/a> ist ein tolles Teamevent und spannendes Spiel f\u00fcr Jung und Alt, wobei nat\u00fcrlich auch Jeder gegen Jeden spielen kann&#8230;es wird immer abwechselnd gespielt. <br>Bei der <a href=\"https:\/\/www.mse-connection.de\/produkt\/eisstockbahn\/\">Miete unserer mobilen Curlingbahn<\/a> sind immer 8 Eisst\u00f6cke mit dabei, 4 Erwachsene und 4 leichtere  Curlings, unsere Kindereisst\u00f6cke, auch beliebt bei den Damen.<br>Unsere Curlingbahn im Verleih besteht aus einem speziellen Kunsteisbelag und sieht so optisch wie eine gro\u00dfe Eisfl\u00e4che aus, worauf unsere speziellen Eisst\u00f6cke gleiten wie auf echtem Eis. Die g\u00e4ngigste Spielvariante ist hierbei, den eigenen Eisstock so dicht wie m\u00f6glich an die Markierung zu schieben, wobei Ihre Gegner allerdings versuchen werden, diesem bei Ihrem Wurf wegzuschieben.&nbsp;<br><br>\u2705 mobile Eisstockbahn in 15&#215;2 Meter<br>\u2705 Indoor oder Outdoor m\u00f6glich<br>\u2705 Sommer- oder Winterevents<br>\u2705 inkl. 8 Eisst\u00f6cke (auf Wunsch 4 normale und 4 leichtere f\u00fcr Kinder) <br>\u2705 Langzeitmiete m\u00f6glich, sprechen Sie uns an <\/p>\n\n\n\n<p class=\"has-text-align-center has-pale-cyan-blue-color has-text-color\">*************************************************<\/p>\n\n\n\n<h2 class=\"wp-block-heading\"><a href=\"https:\/\/www.mse-connection.de\/produkt\/eisstockbahn\/\" title=\"\">Mobile Eisstock Bahn mieten &#8211; Curlingbahn Verleih <\/a><\/h2>\n\n\n\n<figure class=\"wp-block-table aligncenter\"><table><tbody><tr><td class=\"has-text-align-center\" data-align=\"center\"><img decoding=\"async\" loading=\"lazy\" width=\"2560\" height=\"1702\" class=\"wp-image-13\" style=\"width: 150px;\" src=\"https:\/\/curlingbahn-mieten.de\/wp-content\/uploads\/2023\/09\/IMG_0167-scaled.jpeg\" alt=\"\" srcset=\"https:\/\/curlingbahn-mieten.de\/wp-content\/uploads\/2023\/09\/IMG_0167-scaled.jpeg 2560w, https:\/\/curlingbahn-mieten.de\/wp-content\/uploads\/2023\/09\/IMG_0167-300x199.jpeg 300w, https:\/\/curlingbahn-mieten.de\/wp-content\/uploads\/2023\/09\/IMG_0167-1024x681.jpeg 1024w, https:\/\/curlingbahn-mieten.de\/wp-content\/uploads\/2023\/09\/IMG_0167-768x511.jpeg 768w, https:\/\/curlingbahn-mieten.de\/wp-content\/uploads\/2023\/09\/IMG_0167-1536x1021.jpeg 1536w, https:\/\/curlingbahn-mieten.de\/wp-content\/uploads\/2023\/09\/IMG_0167-2048x1362.jpeg 2048w\" sizes=\"(max-width: 2560px) 100vw, 2560px\" \/><\/td><td class=\"has-text-align-center\" data-align=\"center\"><img decoding=\"async\" loading=\"lazy\" width=\"600\" height=\"573\" class=\"wp-image-10\" style=\"width: 150px;\" src=\"https:\/\/curlingbahn-mieten.de\/wp-content\/uploads\/2023\/09\/IMG_0170.png\" alt=\"\" srcset=\"https:\/\/curlingbahn-mieten.de\/wp-content\/uploads\/2023\/09\/IMG_0170.png 600w, https:\/\/curlingbahn-mieten.de\/wp-content\/uploads\/2023\/09\/IMG_0170-300x287.png 300w\" sizes=\"(max-width: 600px) 100vw, 600px\" \/><\/td><td class=\"has-text-align-center\" data-align=\"center\"><img decoding=\"async\" loading=\"lazy\" width=\"2560\" height=\"1702\" class=\"wp-image-12\" style=\"width: 150px;\" src=\"https:\/\/curlingbahn-mieten.de\/wp-content\/uploads\/2023\/09\/IMG_0164-scaled.jpeg\" alt=\"\" srcset=\"https:\/\/curlingbahn-mieten.de\/wp-content\/uploads\/2023\/09\/IMG_0164-scaled.jpeg 2560w, https:\/\/curlingbahn-mieten.de\/wp-content\/uploads\/2023\/09\/IMG_0164-300x199.jpeg 300w, https:\/\/curlingbahn-mieten.de\/wp-content\/uploads\/2023\/09\/IMG_0164-1024x681.jpeg 1024w, https:\/\/curlingbahn-mieten.de\/wp-content\/uploads\/2023\/09\/IMG_0164-768x511.jpeg 768w, https:\/\/curlingbahn-mieten.de\/wp-content\/uploads\/2023\/09\/IMG_0164-1536x1021.jpeg 1536w, https:\/\/curlingbahn-mieten.de\/wp-content\/uploads\/2023\/09\/IMG_0164-2048x1362.jpeg 2048w\" sizes=\"(max-width: 2560px) 100vw, 2560px\" \/><\/td><td class=\"has-text-align-center\" data-align=\"center\"><img decoding=\"async\" loading=\"lazy\" width=\"600\" height=\"600\" class=\"wp-image-11\" style=\"width: 150px;\" src=\"https:\/\/curlingbahn-mieten.de\/wp-content\/uploads\/2023\/09\/IMG_0169.jpeg\" alt=\"\" srcset=\"https:\/\/curlingbahn-mieten.de\/wp-content\/uploads\/2023\/09\/IMG_0169.jpeg 600w, https:\/\/curlingbahn-mieten.de\/wp-content\/uploads\/2023\/09\/IMG_0169-300x300.jpeg 300w, https:\/\/curlingbahn-mieten.de\/wp-content\/uploads\/2023\/09\/IMG_0169-150x150.jpeg 150w\" sizes=\"(max-width: 600px) 100vw, 600px\" \/><\/td><\/tr><tr><td class=\"has-text-align-center\" data-align=\"center\"><a href=\"https:\/\/curlingbahn-mieten.de\/\" data-type=\"page\" data-id=\"5\">Curlingbahn Verleih K\u00f6ln<\/a><br>Unsere Curlingbahn ist ein beliebtes Eventmodul nicht nur in K\u00f6ln, Bonn&#8230;Holen Sie sich auch Eisstockschiessen auf Ihren Event.<br><a href=\"https:\/\/www.mse-connection.de\/produkt\/eisstockbahn\/\">Jetzt Curlingbahn Mieten<\/a><br><\/td><td class=\"has-text-align-center\" data-align=\"center\"><a href=\"https:\/\/curlingbahn-mieten.de\/\" data-type=\"page\" data-id=\"5\">Curlingbahn mieten K\u00f6ln<\/a><a href=\"https:\/\/curlingbahn-mieten.de\/index.html\"><br><\/a>Eisstockschiessen im Sommer&#8230;warum nicht? Unsere Eisstockbahn mieten Sie f\u00fcr Sommer wie auch Winterevents&#8230;<br><a href=\"https:\/\/www.mse-connection.de\/produkt\/eisstockbahn\/\">Jetzt Curlingbahn leihen<\/a><\/td><td class=\"has-text-align-center\" data-align=\"center\"><a href=\"https:\/\/curlingbahn-mieten.de\/\" data-type=\"page\" data-id=\"5\">Eisstockbahn leihen NRW<br><\/a>Am beliebtesten ist unsere Fun-Curlingbahn in den Wintermonaten f\u00fcr den Weihnachtsmarkt, die Weihnachtsfeier und Co&#8230;<br><a href=\"https:\/\/www.mse-connection.de\/produkt\/eisstockbahn\/\">Jetzt Eisstockbahn ausleihen<\/a><\/td><td class=\"has-text-align-center\" data-align=\"center\"><a href=\"https:\/\/curlingbahn-mieten.de\/\" data-type=\"page\" data-id=\"5\">Curlingbahn mieten Rheinland<br><\/a>Fun-Curling ist auch eine Gaudi zum Firmenfest, die Betriebsfeier, Vereinsfeier oder auf dem n\u00e4chsten Stadtfest.<br><a href=\"https:\/\/www.mse-connection.de\/produkt\/eisstockbahn\/\">Jetzt Eisstockbahn mieten<\/a><\/td><\/tr><\/tbody><\/table><\/figure>\n\n\n\n<p class=\"has-text-align-center has-pale-cyan-blue-color has-text-color\">*************************************************<\/p>\n\n\n\n<div class=\"wp-block-buttons is-content-justification-center is-layout-flex wp-container-1 wp-block-buttons-is-layout-flex\">\n<div class=\"wp-block-button\"><a class=\"wp-block-button__link has-white-color has-vivid-cyan-blue-background-color has-text-color has-background wp-element-button\" href=\"https:\/\/www.mse-connection.de\/produkt\/eisstockbahn\/\">&gt;&gt;&gt; <strong>Jetzt Curlingbahn mieten<\/strong> &lt;&lt;&lt;<\/a><\/div>\n<\/div>\n\n\n\n<p class=\"has-text-align-center has-pale-cyan-blue-color has-text-color\">*************************************************<\/p>\n\n\n\n<h4 class=\"wp-block-heading\">Curlingbahn und weitere Eventmodule mieten &#8211; Kommen Sie auf unsere Hauptseite <\/h4>\n\n\n\n<p>Die Seite <em>\u201e<a href=\"https:\/\/curlingbahn-mieten.de\/\" title=\"Eisstockbahn-Verleih Bornheim | mobile Curlingbahn mieten\">Eisstockbahn-Verleih<\/a>\u201c<\/em> geh\u00f6rt zu\u00a0<a href=\"http:\/\/www.mse-connection.de\/\">MSE-Connection Bornheim<\/a> &#8211; Ihrer Veranstaltungsagentur &amp; Verleihservice im Rheinland.<br>Durch Klick auf das Bild gelangen Sie auf unsere Hauptseite mit zahlreichen\u00a0<a href=\"https:\/\/www.mse-connection.de\/produkt-kategorie\/eventmodule\/\">Eventmodulen &amp; Attraktionen<\/a>\u00a0zur Miete aus eigenem Vermietpark, mit den besten Ideen f\u00fcr Ihr n\u00e4chstes Event.<br>Dort k\u00f6nnen Sie ganz in Ruhe unser Verleihsortiment durchst\u00f6bern und Ihre ausgew\u00e4hlten Artikel mit nur einem Klick <em>\u201ezu meiner Anfrage hinzuf\u00fcgen\u201c<\/em>  \u00fcbernehmen (diese finden Sie dann mittig oben auf der Seite gesammelt in Ihrem \u201eMerkzttel\u201c), \u00fcber welchen Sie uns dann Ihre Anfrage mit Ihren Daten \u00fcbermitteln &#8211; Wir freuen uns schon auf Ihre Kontaktaufnahme.<\/p>\n\n\n\n<p class=\"has-text-align-center\"><img decoding=\"async\" loading=\"lazy\" width=\"1444\" height=\"2048\" class=\"wp-image-19\" style=\"width: 500px;\" src=\"https:\/\/curlingbahn-mieten.de\/wp-content\/uploads\/2023\/09\/IMG_0171.jpeg\" alt=\"\" srcset=\"https:\/\/curlingbahn-mieten.de\/wp-content\/uploads\/2023\/09\/IMG_0171.jpeg 1444w, https:\/\/curlingbahn-mieten.de\/wp-content\/uploads\/2023\/09\/IMG_0171-212x300.jpeg 212w, https:\/\/curlingbahn-mieten.de\/wp-content\/uploads\/2023\/09\/IMG_0171-722x1024.jpeg 722w, https:\/\/curlingbahn-mieten.de\/wp-content\/uploads\/2023\/09\/IMG_0171-768x1089.jpeg 768w, https:\/\/curlingbahn-mieten.de\/wp-content\/uploads\/2023\/09\/IMG_0171-1083x1536.jpeg 1083w\" sizes=\"(max-width: 1444px) 100vw, 1444px\" \/><\/p>\n\n\n\n<h4 class=\"wp-block-heading has-text-align-center has-vivid-cyan-blue-color has-text-color\">Egal was Sie zu feiern haben &#8211; Wir feiern gerne mit Ihnen <\/h4>\n\n\n\n<figure class=\"wp-block-table is-style-regular\"><table><tbody><tr><td><img decoding=\"async\" loading=\"lazy\" width=\"1280\" height=\"1280\" class=\"wp-image-29\" style=\"width: 150px;\" src=\"https:\/\/curlingbahn-mieten.de\/wp-content\/uploads\/2023\/09\/IMG_0176.webp\" alt=\"\" srcset=\"https:\/\/curlingbahn-mieten.de\/wp-content\/uploads\/2023\/09\/IMG_0176.webp 1280w, https:\/\/curlingbahn-mieten.de\/wp-content\/uploads\/2023\/09\/IMG_0176-300x300.webp 300w, https:\/\/curlingbahn-mieten.de\/wp-content\/uploads\/2023\/09\/IMG_0176-1024x1024.webp 1024w, https:\/\/curlingbahn-mieten.de\/wp-content\/uploads\/2023\/09\/IMG_0176-150x150.webp 150w, https:\/\/curlingbahn-mieten.de\/wp-content\/uploads\/2023\/09\/IMG_0176-768x768.webp 768w\" sizes=\"(max-width: 1280px) 100vw, 1280px\" \/><\/td><td><strong>Eventservice aus Bornheim<\/strong><br>MSE-Connection ist Ihr&nbsp;<a href=\"http:\/\/www.mse-connection.de\/\">Spass-Verleih<\/a>&nbsp;mit gro\u00dfem Verleihsortiment von Eventmodulen und Attraktionsger\u00e4ten, von der H\u00fcpfburg zur Miete \u00fcber Bullriding-Verleih bin hin zum Menschenkicker-Mieten oder nat\u00fcrlich unserer Curlingbahn.<br><a href=\"http:\/\/www.mse-connection.de\/\">Eventattraktionen der Superlative<\/a>&nbsp;g\u00fcnstig mieten&#8230;<\/td><\/tr><tr><td><img decoding=\"async\" loading=\"lazy\" width=\"1280\" height=\"1280\" class=\"wp-image-29\" style=\"width: 150px;\" src=\"https:\/\/curlingbahn-mieten.de\/wp-content\/uploads\/2023\/09\/IMG_0176.webp\" alt=\"\" srcset=\"https:\/\/curlingbahn-mieten.de\/wp-content\/uploads\/2023\/09\/IMG_0176.webp 1280w, https:\/\/curlingbahn-mieten.de\/wp-content\/uploads\/2023\/09\/IMG_0176-300x300.webp 300w, https:\/\/curlingbahn-mieten.de\/wp-content\/uploads\/2023\/09\/IMG_0176-1024x1024.webp 1024w, https:\/\/curlingbahn-mieten.de\/wp-content\/uploads\/2023\/09\/IMG_0176-150x150.webp 150w, https:\/\/curlingbahn-mieten.de\/wp-content\/uploads\/2023\/09\/IMG_0176-768x768.webp 768w\" sizes=\"(max-width: 1280px) 100vw, 1280px\" \/><\/td><td><strong>F\u00fcr jedes Event eine Attraktion<\/strong><br>Als Eventausstatter bei K\u00f6ln Bonn richten wir Ihr Firmenfest, die Vereinsfeier oder die private Geburtstagsfeier mit den passenden Eventmodulen aus unserem Verleih aus. Bundesweite Vermietung von Fun-Modulen.<\/td><\/tr><tr><td><img decoding=\"async\" loading=\"lazy\" width=\"1280\" height=\"1280\" class=\"wp-image-29\" style=\"width: 150px;\" src=\"https:\/\/curlingbahn-mieten.de\/wp-content\/uploads\/2023\/09\/IMG_0176.webp\" alt=\"\" srcset=\"https:\/\/curlingbahn-mieten.de\/wp-content\/uploads\/2023\/09\/IMG_0176.webp 1280w, https:\/\/curlingbahn-mieten.de\/wp-content\/uploads\/2023\/09\/IMG_0176-300x300.webp 300w, https:\/\/curlingbahn-mieten.de\/wp-content\/uploads\/2023\/09\/IMG_0176-1024x1024.webp 1024w, https:\/\/curlingbahn-mieten.de\/wp-content\/uploads\/2023\/09\/IMG_0176-150x150.webp 150w, https:\/\/curlingbahn-mieten.de\/wp-content\/uploads\/2023\/09\/IMG_0176-768x768.webp 768w\" sizes=\"(max-width: 1280px) 100vw, 1280px\" \/><\/td><td><strong>Wir bringen den Spa\u00df zu Ihnen<\/strong><br>Ob Firmenfest, Betriebsfeier, Mitarbeiterfest oder Jubil\u00e4um.<br>Ob Stadt-, Dorf- oder Stra\u00dfenfest, Volksfest oder Kirmens.<br>Ob Geburtstag, Hochzeit, Vereinsfeier oder Taufe&#8230;<br>Wir lassen Kinderaugen leuchten&#8230;<\/td><\/tr><tr><td><img decoding=\"async\" loading=\"lazy\" width=\"1280\" height=\"1280\" class=\"wp-image-29\" style=\"width: 150px;\" src=\"https:\/\/curlingbahn-mieten.de\/wp-content\/uploads\/2023\/09\/IMG_0176.webp\" alt=\"\" srcset=\"https:\/\/curlingbahn-mieten.de\/wp-content\/uploads\/2023\/09\/IMG_0176.webp 1280w, https:\/\/curlingbahn-mieten.de\/wp-content\/uploads\/2023\/09\/IMG_0176-300x300.webp 300w, https:\/\/curlingbahn-mieten.de\/wp-content\/uploads\/2023\/09\/IMG_0176-1024x1024.webp 1024w, https:\/\/curlingbahn-mieten.de\/wp-content\/uploads\/2023\/09\/IMG_0176-150x150.webp 150w, https:\/\/curlingbahn-mieten.de\/wp-content\/uploads\/2023\/09\/IMG_0176-768x768.webp 768w\" sizes=\"(max-width: 1280px) 100vw, 1280px\" \/><\/td><td><strong>Licht-, Ton- und DJ-Service<\/strong><br>Mieten Sie f\u00fcr die musikalische Untermalung Ihrer Feierlichkeit gleich die passende Musikanlage im Partypaket mit dazu. Ob einzelne Musikboxen, Lichteffekte oder das Komplettpaket mit DJ buchen f\u00fcr Ihr Fest &#8230;<\/td><\/tr><\/tbody><\/table><\/figure>\n\n\n\n<p><\/p>\n","protected":false},"excerpt":{"rendered":"<p>Curlingbahn mieten aus K\u00f6ln, Bonn im Rheinland Mobile Eisstockbahn mieten&nbsp;&#8211; 15&#215;2 Meter &#8211; F\u00fcr Sommer- und Winterevents. Eisstockschie\u00dfen auf unserer mobilen Curlingbahn ist ein gro\u00dfer Spa\u00df f\u00fcr jung und alt. Auf unserer mobilen Kunsteisbahn k\u00f6nnen Sie zu jeder Jahreszeit bei jeder Temperatur, egal ob drau\u00dfen oder drinnen, Fun Curling mit Ihrem Team als Eis Gaudi [&hellip;]<\/p>\n","protected":false},"author":1,"featured_media":11,"parent":0,"menu_order":0,"comment_status":"closed","ping_status":"closed","template":"","meta":{"_monsterinsights_skip_tracking":false,"_monsterinsights_sitenote_active":false,"_monsterinsights_sitenote_note":"","_monsterinsights_sitenote_category":0,"footnotes":""},"aioseo_notices":[],"_links":{"self":[{"href":"https:\/\/curlingbahn-mieten.de\/index.php?rest_route=\/wp\/v2\/pages\/5"}],"collection":[{"href":"https:\/\/curlingbahn-mieten.de\/index.php?rest_route=\/wp\/v2\/pages"}],"about":[{"href":"https:\/\/curlingbahn-mieten.de\/index.php?rest_route=\/wp\/v2\/types\/page"}],"author":[{"embeddable":true,"href":"https:\/\/curlingbahn-mieten.de\/index.php?rest_route=\/wp\/v2\/users\/1"}],"replies":[{"embeddable":true,"href":"https:\/\/curlingbahn-mieten.de\/index.php?rest_route=%2Fwp%2Fv2%2Fcomments&post=5"}],"version-history":[{"count":17,"href":"https:\/\/curlingbahn-mieten.de\/index.php?rest_route=\/wp\/v2\/pages\/5\/revisions"}],"predecessor-version":[{"id":108,"href":"https:\/\/curlingbahn-mieten.de\/index.php?rest_route=\/wp\/v2\/pages\/5\/revisions\/108"}],"wp:featuredmedia":[{"embeddable":true,"href":"https:\/\/curlingbahn-mieten.de\/index.php?rest_route=\/wp\/v2\/media\/11"}],"wp:attachment":[{"href":"https:\/\/curlingbahn-mieten.de\/index.php?rest_route=%2Fwp%2Fv2%2Fmedia&parent=5"}],"curies":[{"name":"wp","href":"https:\/\/api.w.org\/{rel}","templated":true}]}}